{"id":1348,"date":"2024-02-16T07:35:45","date_gmt":"2024-02-16T11:35:45","guid":{"rendered":"https:\/\/site.cacoal.ro.gov.br\/?page_id=1348"},"modified":"2024-02-20T07:49:47","modified_gmt":"2024-02-20T11:49:47","slug":"concurso-e-teste-seletivo","status":"publish","type":"page","link":"https:\/\/pagina.cacoal.ro.gov.br\/?page_id=1348","title":{"rendered":"Concurso e Teste Seletivo"},"content":{"rendered":"\r\n<p><a href=\"https:\/\/site.cacoal.ro.gov.br\/?page_id=766\">TESTE 003\/2023 \u2013 MOTORISTA DE VIATURAS PESADAS, T\u00c9CNICO EM ENFERMAGEM, T\u00c9CNICO EM RADIOLOGIA, T\u00c9CNICO EM HIGIENE DENTAL, ENFERMEIRO, NUTRICIONISTA, FONOAUDI\u00d3LOGO, TERAPEUTA OCUPACIONAL, CIRURGI\u00c3O DENTISTA CL\u00cdNICO GERAL, PSIC\u00d3LOGO, FISIOTERAPEUTA, M\u00c9DICO CL\u00cdNICO GERAL, M\u00c9DICO ANESTESISTA, M\u00c9DICO OBSTETRA, M\u00c9DICO ULTRASSONOGRAFISTA, M\u00c9DICO PEDIATRA, M\u00c9DICO PSIQUIATRA, M\u00c9DICO GINECOLOGISTA, M\u00c9DICO NEUROLOGISTA, M\u00c9DICO ORTOPEDISTA, M\u00c9DICO DO TRABALHO<\/a><\/p>\r\n\r\n\r\n\r\n<figure class=\"wp-block-image size-full is-resized\"><a href=\"https:\/\/site.cacoal.ro.gov.br\/?page_id=766\"><img loading=\"lazy\" decoding=\"async\" width=\"800\" height=\"200\" class=\"wp-image-376\" style=\"width: 329px; height: auto;\" src=\"https:\/\/site.cacoal.ro.gov.br\/wp-content\/uploads\/2023\/12\/Clique-aqui.png\" alt=\"\" srcset=\"https:\/\/pagina.cacoal.ro.gov.br\/wp-content\/uploads\/2023\/12\/Clique-aqui.png 800w, https:\/\/pagina.cacoal.ro.gov.br\/wp-content\/uploads\/2023\/12\/Clique-aqui-300x75.png 300w, https:\/\/pagina.cacoal.ro.gov.br\/wp-content\/uploads\/2023\/12\/Clique-aqui-768x192.png 768w\" sizes=\"(max-width: 800px) 100vw, 800px\" \/><\/a><\/figure>\r\n\r\n\r\n\r\n<p>TESTE 002\/2023 \u2013 OPERADOR DE RETROESCAVADEIRA, OPERADOR DE ROLO COMPACTADOR, OPERADOR DE M\u00c1QUINAS, OPERADOR DE TRATOR AGR\u00cdCOLA, MOTORISTA DE VIATURAS PESADAS, MEC\u00c2NICO GERAL, BORRACHEIRO, ELETRICISTA PARA AUTOS, PINTOR, SERVENTE, BRA\u00c7AL, PEDREIRO, SOLDADOR, ENGENHEIRO AGR\u00d4NOMO.<\/p>\r\n\r\n\r\n\r\n<figure class=\"wp-block-image size-full is-resized\"><a href=\"https:\/\/site.cacoal.ro.gov.br\/?page_id=374\"><img loading=\"lazy\" decoding=\"async\" class=\"alignnone wp-image-376\" style=\"width: 331px; height: auto;\" src=\"https:\/\/site.cacoal.ro.gov.br\/wp-content\/uploads\/2023\/12\/Clique-aqui.png\" alt=\"\" width=\"800\" height=\"200\" srcset=\"https:\/\/pagina.cacoal.ro.gov.br\/wp-content\/uploads\/2023\/12\/Clique-aqui.png 800w, https:\/\/pagina.cacoal.ro.gov.br\/wp-content\/uploads\/2023\/12\/Clique-aqui-300x75.png 300w, https:\/\/pagina.cacoal.ro.gov.br\/wp-content\/uploads\/2023\/12\/Clique-aqui-768x192.png 768w\" sizes=\"(max-width: 800px) 100vw, 800px\" \/><\/a><\/figure>\r\n\r\n\r\n\r\n<p>&nbsp;<\/p>\r\n\r\n\r\n\r\n<p>TESTE 001\/2023 \u2013 OFICIAL DO MAGIST\u00c9RIO \u2013 PEDAGOGO 40H \u2013 OFICIAL DO MAGIST\u00c9RIO \u2013 PEDAGOGO 30H; OFICIAL DO MAGIST\u00c9RIO \u2013 PEDAGOGO 20H; OFICIAL DO MAGIST\u00c9RIO \u2013 HIST\u00d3RIA 40H; E OFICIAL DO MAGIST\u00c9RIO \u2013 GEOGRAFIA 40H.<\/p>\r\n\r\n\r\n\r\n<figure class=\"wp-block-image size-full is-resized\"><a href=\"https:\/\/site.cacoal.ro.gov.br\/?page_id=760\"><img loading=\"lazy\" decoding=\"async\" width=\"800\" height=\"200\" class=\"wp-image-376\" style=\"width: 349px; height: auto;\" src=\"https:\/\/site.cacoal.ro.gov.br\/wp-content\/uploads\/2023\/12\/Clique-aqui.png\" alt=\"\" srcset=\"https:\/\/pagina.cacoal.ro.gov.br\/wp-content\/uploads\/2023\/12\/Clique-aqui.png 800w, https:\/\/pagina.cacoal.ro.gov.br\/wp-content\/uploads\/2023\/12\/Clique-aqui-300x75.png 300w, https:\/\/pagina.cacoal.ro.gov.br\/wp-content\/uploads\/2023\/12\/Clique-aqui-768x192.png 768w\" sizes=\"(max-width: 800px) 100vw, 800px\" \/><\/a><\/figure>\r\n\r\n\r\n\r\n<p>&nbsp;<\/p>\r\n\r\n\r\n\r\n<p>PROCESSO 001\/CMDCA\/2023 \u2013 CONSELHO TUTELAR<\/p>\r\n\r\n\r\n\r\n<figure class=\"wp-block-image size-full is-resized\"><a href=\"https:\/\/site.cacoal.ro.gov.br\/?page_id=380\"><img loading=\"lazy\" decoding=\"async\" width=\"800\" height=\"200\" class=\"wp-image-376\" style=\"width: 321px; height: auto;\" src=\"https:\/\/site.cacoal.ro.gov.br\/wp-content\/uploads\/2023\/12\/Clique-aqui.png\" alt=\"\" srcset=\"https:\/\/pagina.cacoal.ro.gov.br\/wp-content\/uploads\/2023\/12\/Clique-aqui.png 800w, https:\/\/pagina.cacoal.ro.gov.br\/wp-content\/uploads\/2023\/12\/Clique-aqui-300x75.png 300w, https:\/\/pagina.cacoal.ro.gov.br\/wp-content\/uploads\/2023\/12\/Clique-aqui-768x192.png 768w\" sizes=\"(max-width: 800px) 100vw, 800px\" \/><\/a><\/figure>\r\n\r\n\r\n\r\n<p>&nbsp;<\/p>\r\n\r\n\r\n\r\n<p>TESTE 001\/2022 \u2013 CANCELADO<\/p>\r\n\r\n\r\n\r\n<figure class=\"wp-block-image size-full is-resized\"><a href=\"https:\/\/site.cacoal.ro.gov.br\/edital-001-pmc-2023\/\"><img loading=\"lazy\" decoding=\"async\" width=\"800\" height=\"200\" class=\"wp-image-376\" style=\"width: 314px; height: auto;\" src=\"https:\/\/site.cacoal.ro.gov.br\/wp-content\/uploads\/2023\/12\/Clique-aqui.png\" alt=\"\" srcset=\"https:\/\/pagina.cacoal.ro.gov.br\/wp-content\/uploads\/2023\/12\/Clique-aqui.png 800w, https:\/\/pagina.cacoal.ro.gov.br\/wp-content\/uploads\/2023\/12\/Clique-aqui-300x75.png 300w, https:\/\/pagina.cacoal.ro.gov.br\/wp-content\/uploads\/2023\/12\/Clique-aqui-768x192.png 768w\" sizes=\"(max-width: 800px) 100vw, 800px\" \/><\/a><\/figure>\r\n\r\n\r\n\r\n<p>&nbsp;<\/p>\r\n\r\n\r\n\r\n<p>TESTE 002\/2022 \u2013 AGENTE DE MANUTEN\u00c7\u00c3O E REPAROS, BRA\u00c7AL, MERENDEIRO, ZELADOR, MEC\u00c2NICO GERAL, BORRACHEIRO, ELETRICISTA PARA AUTOS, MOTORISTA DE VIATURAS PESADAS, INSTRUTOR MUSICAL, INTERPRETE DE LIBRAS, TERAPEUTA OCUPACIONAL, PSICOPEDAGOGO, FONOAUDI\u00d3LOGO, NUTRICIONISTA, NEUROLOGISTA PEDI\u00c1TRICO, PROFESSOR DE EDUCA\u00c7\u00c3O F\u00cdSICA, PROFESSOR DE LETRAS COM HABILITA\u00c7\u00c3O EM L\u00cdNGUA INGLESA, PROFESSOR DE LETRAS COM HABILITA\u00c7\u00c3O EM L\u00cdNGUA PORTUGUESA, PROFESSOR DE CI\u00caNCIAS F\u00cdSICAS E BIOL\u00d3GICAS, PROFESSOR DE MATEM\u00c1TICA, PROFESSOR DE ARTES, PROFESSOR DE ENSINO RELIGIOSO, PROFESSOR PEDAGOGO 40H COM ESPECIALIZA\u00c7\u00c3O EM EDUCA\u00c7\u00c3O ESPECIAL E\/OU AUTISMO<\/p>\r\n\r\n\r\n\r\n<figure class=\"wp-block-image size-full is-resized\"><a href=\"https:\/\/site.cacoal.ro.gov.br\/?page_id=388\"><img loading=\"lazy\" decoding=\"async\" width=\"800\" height=\"200\" class=\"wp-image-376\" style=\"width: 304px; height: auto;\" src=\"https:\/\/site.cacoal.ro.gov.br\/wp-content\/uploads\/2023\/12\/Clique-aqui.png\" alt=\"\" srcset=\"https:\/\/pagina.cacoal.ro.gov.br\/wp-content\/uploads\/2023\/12\/Clique-aqui.png 800w, https:\/\/pagina.cacoal.ro.gov.br\/wp-content\/uploads\/2023\/12\/Clique-aqui-300x75.png 300w, https:\/\/pagina.cacoal.ro.gov.br\/wp-content\/uploads\/2023\/12\/Clique-aqui-768x192.png 768w\" sizes=\"(max-width: 800px) 100vw, 800px\" \/><\/a><\/figure>\r\n\r\n\r\n\r\n<p>&nbsp;<\/p>\r\n\r\n\r\n\r\n<p>TESTE 003\/2021 \u2013 SEMUSA 2021 \u2013 T\u00c9CNICO EM ENFERMAGEM, ENFERMEIRO, M\u00c9DICO CL\u00cdNICO GERAL, M\u00c9DICO ANESTESISTA, M\u00c9DICO NEUROLOGISTA, M\u00c9DICO DO TRABALHO, M\u00c9DICO OBSTETRA, M\u00c9DICO ORTOPEDISTA, M\u00c9DICO PEDIATRA, M\u00c9DICO PSIQUIATRA, FONOAUDI\u00d3LOGO, FISIOTERAPEUTA E, PSIC\u00d3LOGO<\/p>\r\n\r\n\r\n\r\n<figure class=\"wp-block-image size-full is-resized\"><a href=\"https:\/\/site.cacoal.ro.gov.br\/?page_id=392\"><img loading=\"lazy\" decoding=\"async\" width=\"800\" height=\"200\" class=\"wp-image-376\" style=\"width: 296px; height: auto;\" src=\"https:\/\/site.cacoal.ro.gov.br\/wp-content\/uploads\/2023\/12\/Clique-aqui.png\" alt=\"\" srcset=\"https:\/\/pagina.cacoal.ro.gov.br\/wp-content\/uploads\/2023\/12\/Clique-aqui.png 800w, https:\/\/pagina.cacoal.ro.gov.br\/wp-content\/uploads\/2023\/12\/Clique-aqui-300x75.png 300w, https:\/\/pagina.cacoal.ro.gov.br\/wp-content\/uploads\/2023\/12\/Clique-aqui-768x192.png 768w\" sizes=\"(max-width: 800px) 100vw, 800px\" \/><\/a><\/figure>\r\n\r\n\r\n\r\n<p>&nbsp;<\/p>\r\n\r\n\r\n\r\n<p>TESTE 002\/2021 \u2013 SEMOSP\/SEMAGRI 2021 \u2013 OPERADOR DE M\u00c1QUINAS, DE RETRO ESCAVADEIRA, DE ROLO COMPACTADOR, DE TRATOR AGR\u00cdCOLA, MOTORISTA DE VIATURAS PESADAS, MEC\u00c2NICO GERAL e BORRACHEIRO<\/p>\r\n\r\n\r\n\r\n<figure class=\"wp-block-image size-full is-resized\"><a href=\"https:\/\/site.cacoal.ro.gov.br\/?page_id=396\"><img loading=\"lazy\" decoding=\"async\" width=\"800\" height=\"200\" class=\"wp-image-376\" style=\"width: 286px; height: auto;\" src=\"https:\/\/site.cacoal.ro.gov.br\/wp-content\/uploads\/2023\/12\/Clique-aqui.png\" alt=\"\" srcset=\"https:\/\/pagina.cacoal.ro.gov.br\/wp-content\/uploads\/2023\/12\/Clique-aqui.png 800w, https:\/\/pagina.cacoal.ro.gov.br\/wp-content\/uploads\/2023\/12\/Clique-aqui-300x75.png 300w, https:\/\/pagina.cacoal.ro.gov.br\/wp-content\/uploads\/2023\/12\/Clique-aqui-768x192.png 768w\" sizes=\"(max-width: 800px) 100vw, 800px\" \/><\/a><\/figure>\r\n\r\n\r\n\r\n<p>&nbsp;<\/p>\r\n\r\n\r\n\r\n<p>TESTE 001\/2021 \u2013 SEMED 2021 \u2013 OFICIAL DO MAGIST\u00c9RIO PEDAGOGO, GEOGRAFIA e HIST\u00d3RIA<\/p>\r\n\r\n\r\n\r\n<figure class=\"wp-block-image size-full is-resized\"><a href=\"https:\/\/site.cacoal.ro.gov.br\/?page_id=398\"><img loading=\"lazy\" decoding=\"async\" width=\"800\" height=\"200\" class=\"wp-image-376\" style=\"width: 279px; height: auto;\" src=\"https:\/\/site.cacoal.ro.gov.br\/wp-content\/uploads\/2023\/12\/Clique-aqui.png\" alt=\"\" srcset=\"https:\/\/pagina.cacoal.ro.gov.br\/wp-content\/uploads\/2023\/12\/Clique-aqui.png 800w, https:\/\/pagina.cacoal.ro.gov.br\/wp-content\/uploads\/2023\/12\/Clique-aqui-300x75.png 300w, https:\/\/pagina.cacoal.ro.gov.br\/wp-content\/uploads\/2023\/12\/Clique-aqui-768x192.png 768w\" sizes=\"(max-width: 800px) 100vw, 800px\" \/><\/a><\/figure>\r\n\r\n\r\n\r\n<p>&nbsp;<\/p>\r\n\r\n\r\n\r\n<p>TESTE 001\/2019 \u2013 SEMUSA 2019 \u2013 M\u00c9DICOS, ENFERMEIROS E T\u00c9C. ENFERMAGEM<\/p>\r\n\r\n\r\n\r\n<figure class=\"wp-block-image size-full is-resized\"><a href=\"https:\/\/site.cacoal.ro.gov.br\/?page_id=400\"><img loading=\"lazy\" decoding=\"async\" width=\"800\" height=\"200\" class=\"wp-image-376\" style=\"width: 260px; height: auto;\" src=\"https:\/\/site.cacoal.ro.gov.br\/wp-content\/uploads\/2023\/12\/Clique-aqui.png\" alt=\"\" srcset=\"https:\/\/pagina.cacoal.ro.gov.br\/wp-content\/uploads\/2023\/12\/Clique-aqui.png 800w, https:\/\/pagina.cacoal.ro.gov.br\/wp-content\/uploads\/2023\/12\/Clique-aqui-300x75.png 300w, https:\/\/pagina.cacoal.ro.gov.br\/wp-content\/uploads\/2023\/12\/Clique-aqui-768x192.png 768w\" sizes=\"(max-width: 800px) 100vw, 800px\" \/><\/a><\/figure>\r\n\r\n\r\n\r\n<p>&nbsp;<\/p>\r\n\r\n\r\n\r\n<p>CONCURSO P\u00daBLICO 001\/2019<\/p>\r\n\r\n\r\n\r\n<figure class=\"wp-block-image size-full is-resized\"><a href=\"https:\/\/site.cacoal.ro.gov.br\/?page_id=402\"><img loading=\"lazy\" decoding=\"async\" width=\"800\" height=\"200\" class=\"wp-image-376\" style=\"width: 254px; height: auto;\" src=\"https:\/\/site.cacoal.ro.gov.br\/wp-content\/uploads\/2023\/12\/Clique-aqui.png\" alt=\"\" srcset=\"https:\/\/pagina.cacoal.ro.gov.br\/wp-content\/uploads\/2023\/12\/Clique-aqui.png 800w, https:\/\/pagina.cacoal.ro.gov.br\/wp-content\/uploads\/2023\/12\/Clique-aqui-300x75.png 300w, https:\/\/pagina.cacoal.ro.gov.br\/wp-content\/uploads\/2023\/12\/Clique-aqui-768x192.png 768w\" sizes=\"(max-width: 800px) 100vw, 800px\" \/><\/a><\/figure>\r\n","protected":false},"excerpt":{"rendered":"<p>TESTE 003\/2023 \u2013 MOTORISTA DE VIATURAS PESADAS, T\u00c9CNICO EM ENFERMAGEM, T\u00c9CNICO EM RADIOLOGIA, T\u00c9CNICO EM HIGIENE DENTAL, ENFERMEIRO, NUTRICIONISTA, FONOAUDI\u00d3LOGO, TERAPEUTA OCUPACIONAL, CIRURGI\u00c3O DENTISTA CL\u00cdNICO GERAL, PSIC\u00d3LOGO, FISIOTERAPEUTA, M\u00c9DICO CL\u00cdNICO &#8230;<\/p>\n","protected":false},"author":1,"featured_media":0,"parent":0,"menu_order":0,"comment_status":"closed","ping_status":"closed","template":"","meta":{"footnotes":""},"_links":{"self":[{"href":"https:\/\/pagina.cacoal.ro.gov.br\/index.php?rest_route=\/wp\/v2\/pages\/1348"}],"collection":[{"href":"https:\/\/pagina.cacoal.ro.gov.br\/index.php?rest_route=\/wp\/v2\/pages"}],"about":[{"href":"https:\/\/pagina.cacoal.ro.gov.br\/index.php?rest_route=\/wp\/v2\/types\/page"}],"author":[{"embeddable":true,"href":"https:\/\/pagina.cacoal.ro.gov.br\/index.php?rest_route=\/wp\/v2\/users\/1"}],"replies":[{"embeddable":true,"href":"https:\/\/pagina.cacoal.ro.gov.br\/index.php?rest_route=%2Fwp%2Fv2%2Fcomments&post=1348"}],"version-history":[{"count":6,"href":"https:\/\/pagina.cacoal.ro.gov.br\/index.php?rest_route=\/wp\/v2\/pages\/1348\/revisions"}],"predecessor-version":[{"id":1444,"href":"https:\/\/pagina.cacoal.ro.gov.br\/index.php?rest_route=\/wp\/v2\/pages\/1348\/revisions\/1444"}],"wp:attachment":[{"href":"https:\/\/pagina.cacoal.ro.gov.br\/index.php?rest_route=%2Fwp%2Fv2%2Fmedia&parent=1348"}],"curies":[{"name":"wp","href":"https:\/\/api.w.org\/{rel}","templated":true}]}}